{"id":10529,"date":"2025-07-30T01:08:11","date_gmt":"2025-07-29T23:08:11","guid":{"rendered":"https:\/\/go2.actualizaweb.com\/?page_id=10529"},"modified":"2025-07-30T09:06:57","modified_gmt":"2025-07-30T07:06:57","slug":"pagina-en-construccion","status":"publish","type":"page","link":"https:\/\/go2.actualizaweb.com\/","title":{"rendered":"P\u00e1gina en construcci\u00f3n"},"content":{"rendered":"\t\t<div data-elementor-type=\"wp-page\" data-elementor-id=\"10529\" class=\"elementor elementor-10529\">\n\t\t\t\t<div class=\"elementor-element elementor-element-b4e7a50 e-flex e-con-boxed qodef-elementor-content-no e-con e-parent\" data-id=\"b4e7a50\" data-element_type=\"container\">\n\t\t\t\t\t<div class=\"e-con-inner\">\n\t\t<div class=\"elementor-element elementor-element-0e2845f e-con-full e-flex qodef-elementor-content-no e-con e-child\" data-id=\"0e2845f\" data-element_type=\"container\">\n\t\t\t\t<div class=\"elementor-element elementor-element-42ecc28 elementor-widget elementor-widget-image\" data-id=\"42ecc28\" data-element_type=\"widget\" data-widget_type=\"image.default\">\n\t\t\t\t\t\t\t\t\t\t\t\t\t\t\t<img decoding=\"async\" src=\"https:\/\/go2.actualizaweb.com\/wp-content\/uploads\/elementor\/thumbs\/GO-INTELIGENT-FINAL-04-r9hrqu8qak4j4won2jj9i33y3xsr906r518z42j5yq.png\" title=\"GO INTELIGENT FINAL-04\" alt=\"GO INTELIGENT FINAL-04\" loading=\"lazy\" \/>\t\t\t\t\t\t\t\t\t\t\t\t\t\t\t<\/div>\n\t\t\t\t<div class=\"elementor-element elementor-element-e6eefae elementor-widget elementor-widget-heading\" data-id=\"e6eefae\" data-element_type=\"widget\" data-widget_type=\"heading.default\">\n\t\t\t\t\t<h2 class=\"elementor-heading-title elementor-size-default\">P\u00e1gina en Construcci\u00f3n<\/h2>\t\t\t\t<\/div>\n\t\t\t\t<div class=\"elementor-element elementor-element-19fb679 elementor-widget elementor-widget-text-editor\" data-id=\"19fb679\" data-element_type=\"widget\" data-widget_type=\"text-editor.default\">\n\t\t\t\t\t\t\t\t\t<p><strong>\u00a1Estamos trabajando para darte la mejor experiencia!<\/strong><\/p><p>Suscr\u00edbete para recibir notificaciones sobre nuestro lanzamiento o escr\u00edbenos un mensaje.<\/p>\t\t\t\t\t\t\t\t<\/div>\n\t\t<div class=\"elementor-element elementor-element-c0064af e-con-full e-flex qodef-elementor-content-no e-con e-child\" data-id=\"c0064af\" data-element_type=\"container\">\n\t\t\t\t<div class=\"elementor-element elementor-element-dccae37 elementor-widget elementor-widget-deon_core_button\" data-id=\"dccae37\" data-element_type=\"widget\" data-widget_type=\"deon_core_button.default\">\n\t\t\t\t<div class=\"elementor-widget-container\">\n\t\t\t\t\t<a   class=\"qodef-shortcode qodef-m qodef-button qodef-layout--filled qodef-html--link\" href=\"\" target=\"_self\"  >\n\t<span class=\"qodef-m-text\">Suscr\u00edbete<\/span>\n<\/a>\n\t\t\t\t<\/div>\n\t\t\t\t<\/div>\n\t\t\t\t<div class=\"elementor-element elementor-element-6aaaee6 elementor-widget elementor-widget-deon_core_button\" data-id=\"6aaaee6\" data-element_type=\"widget\" data-widget_type=\"deon_core_button.default\">\n\t\t\t\t<div class=\"elementor-widget-container\">\n\t\t\t\t\t<a class=\"qodef-shortcode qodef-m qodef-button qodef-layout--outlined qodef-html--link\" href=\"mailto:cgcmenes@gointeligent.ai\" target=\"_self\"  >\n\t<span class=\"qodef-m-text\">Mensaje<\/span>\n<\/a>\n\t\t\t\t<\/div>\n\t\t\t\t<\/div>\n\t\t\t\t<\/div>\n\t\t\t\t<\/div>\n\t\t\t\t\t<\/div>\n\t\t\t\t<\/div>\n\t\t\t\t<\/div>\n\t\t","protected":false},"excerpt":{"rendered":"<p>P\u00e1gina en Construcci\u00f3n \u00a1Estamos trabajando para darte la mejor experiencia! Suscr\u00edbete para recibir notificaciones sobre nuestro lanzamiento o escr\u00edbenos un mensaje. Suscr\u00edbete Mensaje<\/p>\n","protected":false},"author":1,"featured_media":0,"parent":0,"menu_order":0,"comment_status":"closed","ping_status":"closed","template":"page-blank-template.php","meta":{"footnotes":""},"class_list":["post-10529","page","type-page","status-publish","hentry"],"_links":{"self":[{"href":"https:\/\/go2.actualizaweb.com\/index.php?rest_route=\/wp\/v2\/pages\/10529","targetHints":{"allow":["GET"]}}],"collection":[{"href":"https:\/\/go2.actualizaweb.com\/index.php?rest_route=\/wp\/v2\/pages"}],"about":[{"href":"https:\/\/go2.actualizaweb.com\/index.php?rest_route=\/wp\/v2\/types\/page"}],"author":[{"embeddable":true,"href":"https:\/\/go2.actualizaweb.com\/index.php?rest_route=\/wp\/v2\/users\/1"}],"replies":[{"embeddable":true,"href":"https:\/\/go2.actualizaweb.com\/index.php?rest_route=%2Fwp%2Fv2%2Fcomments&post=10529"}],"version-history":[{"count":20,"href":"https:\/\/go2.actualizaweb.com\/index.php?rest_route=\/wp\/v2\/pages\/10529\/revisions"}],"predecessor-version":[{"id":10617,"href":"https:\/\/go2.actualizaweb.com\/index.php?rest_route=\/wp\/v2\/pages\/10529\/revisions\/10617"}],"wp:attachment":[{"href":"https:\/\/go2.actualizaweb.com\/index.php?rest_route=%2Fwp%2Fv2%2Fmedia&parent=10529"}],"curies":[{"name":"wp","href":"https:\/\/api.w.org\/{rel}","templated":true}]}}